{"id":51979,"date":"2023-01-30T05:32:12","date_gmt":"2023-01-30T08:32:12","guid":{"rendered":"https:\/\/agevet.com\/saneamiento\/"},"modified":"2023-09-04T18:54:03","modified_gmt":"2023-09-04T21:54:03","slug":"saneamiento","status":"publish","type":"page","link":"https:\/\/agevet.com\/es\/saneamiento\/","title":{"rendered":"SANEAMIENTO"},"content":{"rendered":"<p>[et_pb_section fb_built=\u00bb1&#8243; fullwidth=\u00bbon\u00bb _builder_version=\u00bb4.19.2&#8243; _module_preset=\u00bbdefault\u00bb global_colors_info=\u00bb{}\u00bb][et_pb_fullwidth_slider _builder_version=\u00bb4.20.4&#8243; _module_preset=\u00bbdefault\u00bb custom_button=\u00bbon\u00bb button_text_size=\u00bb18px\u00bb button_bg_color=\u00bb#02509c\u00bb button_border_color=\u00bb#02509c\u00bb button_border_radius=\u00bb100px\u00bb button_letter_spacing=\u00bb2px\u00bb button_font=\u00bb|700|||||||\u00bb button_custom_padding=\u00bb|50px||50px|false|true\u00bb custom_padding=\u00bb12%||12%||true|false\u00bb custom_padding_tablet=\u00bb20%||20%||true|false\u00bb custom_padding_phone=\u00bb15%||75%||false|false\u00bb custom_padding_last_edited=\u00bbon|tablet\u00bb auto=\u00bbon\u00bb auto_ignore_hover=\u00bbon\u00bb hover_enabled=\u00bb0&#8243; box_shadow_style_button=\u00bbpreset1&#8243; box_shadow_color_button=\u00bb#FFFFFF\u00bb global_colors_info=\u00bb{}\u00bb sticky_enabled=\u00bb0&#8243;][et_pb_slide admin_title=\u00bbShampoo &#038; Condicionador\u00bb _builder_version=\u00bb4.20.4&#8243; _module_preset=\u00bbdefault\u00bb header_level=\u00bbh2&#8243; header_font=\u00bb|700|||||||\u00bb header_text_color=\u00bb#02509c\u00bb header_font_size=\u00bb46px\u00bb body_font=\u00bb||||||||\u00bb body_text_align=\u00bbcenter\u00bb body_font_size=\u00bb22px\u00bb body_line_height=\u00bb1.2em\u00bb background_image=\u00bbhttps:\/\/agevet.com\/wp-content\/uploads\/2023\/04\/HIGIENIZACAO.png\u00bb background_enable_image=\u00bbon\u00bb body_font_size_phone=\u00bb36px\u00bb body_font_size_last_edited=\u00bboff|phone\u00bb background_last_edited=\u00bbon|phone\u00bb background_image_tablet=\u00bbhttps:\/\/agevet.com\/wp-content\/uploads\/2023\/04\/HIGIENIZACAO.png\u00bb background_image_phone=\u00bbhttps:\/\/agevet.com\/wp-content\/uploads\/2023\/04\/HIGIENIZACAO-MOBILE.png\u00bb background_enable_image_tablet=\u00bbon\u00bb background_enable_image_phone=\u00bbon\u00bb global_colors_info=\u00bb{}\u00bb sticky_transition=\u00bbon\u00bb]<\/p>\n<div style=\"font-size: 34px; color: #FFF; font-weight: 700; line-height: 1; text-shadow: #fffff 0px 0px 12px;\">L\u00cdNEA<\/div>\n<div style=\"font-size:40px; color: #ed7e03; font-weight: 800; line-height: 1; text-shadow: #fffff 0px 0px 12px;\">HIGIENIZACI\u00d3N<\/div>\n<p>Productos para limpieza profunda[\/et_pb_slide][\/et_pb_fullwidth_slider][\/et_pb_section][et_pb_section fb_built=\u00bb1&#8243; _builder_version=\u00bb4.19.2&#8243; _module_preset=\u00bbdefault\u00bb global_colors_info=\u00bb{}\u00bb][et_pb_row _builder_version=\u00bb4.19.2&#8243; _module_preset=\u00bbdefault\u00bb animation_style=\u00bbslide\u00bb animation_direction=\u00bbleft\u00bb animation_intensity_slide=\u00bb5%\u00bb global_colors_info=\u00bb{}\u00bb disabled_on=\u00bbon|on|on\u00bb disabled=\u00bbon\u00bb][et_pb_column type=\u00bb4_4&#8243; _builder_version=\u00bb4.19.2&#8243; _module_preset=\u00bbdefault\u00bb global_colors_info=\u00bb{}\u00bb][et_pb_post_title meta=\u00bboff\u00bb featured_image=\u00bboff\u00bb _builder_version=\u00bb4.19.5&#8243; _module_preset=\u00bbdefault\u00bb title_font=\u00bbPoppins Black||||||||\u00bb title_text_align=\u00bbcenter\u00bb title_text_color=\u00bb#02509c\u00bb title_font_size=\u00bb55px\u00bb global_colors_info=\u00bb{}\u00bb][\/et_pb_post_title][\/et_pb_column][\/et_pb_row][et_pb_row column_structure=\u00bb1_3,1_3,1_3&#8243; use_custom_gutter=\u00bbon\u00bb gutter_width=\u00bb2&#8243; make_equal=\u00bbon\u00bb _builder_version=\u00bb4.19.5&#8243; _module_preset=\u00bbdefault\u00bb custom_margin=\u00bb0px||||false|false\u00bb custom_padding=\u00bb0px|||||\u00bb global_colors_info=\u00bb{}\u00bb][et_pb_column type=\u00bb1_3&#8243; _builder_version=\u00bb4.19.5&#8243; _module_preset=\u00bbdefault\u00bb background_color=\u00bb#f4f4f4&#8243; custom_padding=\u00bb20px|15px|10px|15px|false|true\u00bb animation_style=\u00bbfold\u00bb animation_direction=\u00bbright\u00bb link_option_url=\u00bbhttps:\/\/agevet.com\/es\/quartec-100-desinfetante-quartenario-de-amonia\/\u00bb global_colors_info=\u00bb{}\u00bb][et_pb_image src=\u00bbhttp:\/\/agevet.com\/wp-content\/uploads\/2023\/01\/QUARTEC.100_Prancheta-1.png\u00bb title_text=\u00bbQUARTEC.100_Prancheta 1&#8243; align=\u00bbcenter\u00bb force_fullwidth=\u00bbon\u00bb _builder_version=\u00bb4.19.5&#8243; _module_preset=\u00bbdefault\u00bb custom_padding=\u00bb||15px||false|false\u00bb global_colors_info=\u00bb{}\u00bb][\/et_pb_image][et_pb_text _builder_version=\u00bb4.19.5&#8243; _module_preset=\u00bbdefault\u00bb text_font=\u00bbPoppins Light|700||on|||||\u00bb text_text_color=\u00bb#FFFFFF\u00bb text_font_size=\u00bb16px\u00bb background_color=\u00bb#ed7e03&#8243; text_orientation=\u00bbcenter\u00bb width=\u00bb300px\u00bb module_alignment=\u00bbcenter\u00bb custom_margin=\u00bb||30px||false|false\u00bb custom_padding=\u00bb10px|17px|10px|17px|true|true\u00bb border_radii=\u00bbon|35px|35px|35px|35px\u00bb global_colors_info=\u00bb{}\u00bb]<\/p>\n<p>QUARTEC 100 &#8211; DESINFECTANTE AMONIACO CUARTENARIO<\/p>\n<p>[\/et_pb_text][\/et_pb_column][et_pb_column type=\u00bb1_3&#8243; _builder_version=\u00bb4.19.5&#8243; _module_preset=\u00bbdefault\u00bb background_color=\u00bb#f4f4f4&#8243; custom_padding=\u00bb20px|15px|10px|15px|false|true\u00bb animation_style=\u00bbflip\u00bb link_option_url=\u00bbhttps:\/\/agevet.com\/es\/cloroponn-60-cloro-em-po-30\/\u00bb global_colors_info=\u00bb{}\u00bb][et_pb_image src=\u00bbhttp:\/\/agevet.com\/wp-content\/uploads\/2023\/01\/CLOROPON.60_Prancheta-1.png\u00bb title_text=\u00bbCLOROPON.60_Prancheta 1&#8243; align=\u00bbcenter\u00bb force_fullwidth=\u00bbon\u00bb _builder_version=\u00bb4.19.5&#8243; _module_preset=\u00bbdefault\u00bb custom_padding=\u00bb||15px||false|false\u00bb global_colors_info=\u00bb{}\u00bb][\/et_pb_image][et_pb_text _builder_version=\u00bb4.19.5&#8243; _module_preset=\u00bbdefault\u00bb text_font=\u00bbPoppins Light|700||on|||||\u00bb text_text_color=\u00bb#FFFFFF\u00bb text_font_size=\u00bb16px\u00bb background_color=\u00bb#ed7e03&#8243; text_orientation=\u00bbcenter\u00bb width=\u00bb300px\u00bb module_alignment=\u00bbcenter\u00bb custom_margin=\u00bb||30px||false|false\u00bb custom_padding=\u00bb10px|17px|10px|17px|true|true\u00bb border_radii=\u00bbon|35px|35px|35px|35px\u00bb global_colors_info=\u00bb{}\u00bb]<\/p>\n<p>CHLOROPONN 60 &#8211; CLORO EN POLVO 30%<\/p>\n<p>[\/et_pb_text][\/et_pb_column][et_pb_column type=\u00bb1_3&#8243; _builder_version=\u00bb4.19.5&#8243; _module_preset=\u00bbdefault\u00bb background_color=\u00bb#f4f4f4&#8243; custom_padding=\u00bb20px|15px|10px|15px|false|true\u00bb animation_style=\u00bbfold\u00bb animation_direction=\u00bbleft\u00bb link_option_url=\u00bbhttps:\/\/agevet.com\/es\/tekton-sabao-liquido-para-tecidos\/\u00bb global_colors_info=\u00bb{}\u00bb][et_pb_image src=\u00bbhttp:\/\/agevet.com\/wp-content\/uploads\/2023\/01\/TEKTON.101._Prancheta-1.png\u00bb title_text=\u00bbTEKTON.101._Prancheta 1&#8243; align=\u00bbcenter\u00bb force_fullwidth=\u00bbon\u00bb _builder_version=\u00bb4.19.5&#8243; _module_preset=\u00bbdefault\u00bb custom_padding=\u00bb||15px||false|false\u00bb global_colors_info=\u00bb{}\u00bb][\/et_pb_image][et_pb_text _builder_version=\u00bb4.19.5&#8243; _module_preset=\u00bbdefault\u00bb text_font=\u00bbPoppins Light|700||on|||||\u00bb text_text_color=\u00bb#FFFFFF\u00bb text_font_size=\u00bb16px\u00bb background_color=\u00bb#ed7e03&#8243; text_orientation=\u00bbcenter\u00bb width=\u00bb300px\u00bb module_alignment=\u00bbcenter\u00bb custom_margin=\u00bb||30px||false|false\u00bb custom_padding=\u00bb10px|17px|10px|17px|true|true\u00bb border_radii=\u00bbon|35px|35px|35px|35px\u00bb global_colors_info=\u00bb{}\u00bb]<\/p>\n<p>Tekton &#8211; Sab\u00e3o L\u00edquido para tecidos<\/p>\n<p>[\/et_pb_text][\/et_pb_column][\/et_pb_row][et_pb_row column_structure=\u00bb1_3,1_3,1_3&#8243; use_custom_gutter=\u00bbon\u00bb gutter_width=\u00bb2&#8243; make_equal=\u00bbon\u00bb _builder_version=\u00bb4.19.5&#8243; _module_preset=\u00bbdefault\u00bb custom_margin=\u00bb0px||||false|false\u00bb custom_padding=\u00bb0px|||||\u00bb global_colors_info=\u00bb{}\u00bb][et_pb_column type=\u00bb1_3&#8243; _builder_version=\u00bb4.19.5&#8243; _module_preset=\u00bbdefault\u00bb background_color=\u00bb#f4f4f4&#8243; custom_padding=\u00bb20px|15px|10px|15px|false|true\u00bb animation_style=\u00bbfold\u00bb animation_direction=\u00bbright\u00bb link_option_url=\u00bbhttps:\/\/agevet.com\/es\/lisanvet-plus-limpador-aromatizado\/\u00bb global_colors_info=\u00bb{}\u00bb][et_pb_image src=\u00bbhttp:\/\/agevet.com\/wp-content\/uploads\/2023\/01\/LISANVET._Prancheta-1.png\u00bb title_text=\u00bbLISANVET._Prancheta 1&#8243; align=\u00bbcenter\u00bb force_fullwidth=\u00bbon\u00bb _builder_version=\u00bb4.19.5&#8243; _module_preset=\u00bbdefault\u00bb custom_padding=\u00bb||15px||false|false\u00bb global_colors_info=\u00bb{}\u00bb][\/et_pb_image][et_pb_text _builder_version=\u00bb4.19.5&#8243; _module_preset=\u00bbdefault\u00bb text_font=\u00bbPoppins Light|700||on|||||\u00bb text_text_color=\u00bb#FFFFFF\u00bb text_font_size=\u00bb16px\u00bb background_color=\u00bb#ed7e03&#8243; text_orientation=\u00bbcenter\u00bb width=\u00bb300px\u00bb module_alignment=\u00bbcenter\u00bb custom_margin=\u00bb||30px||false|false\u00bb custom_padding=\u00bb10px|17px|10px|17px|true|true\u00bb border_radii=\u00bbon|35px|35px|35px|35px\u00bb global_colors_info=\u00bb{}\u00bb]<\/p>\n<p>LISANVET PLUS \u2013 LIMPIADOR AROM\u00c1TICO<\/p>\n<p>[\/et_pb_text][\/et_pb_column][et_pb_column type=\u00bb1_3&#8243; _builder_version=\u00bb4.19.5&#8243; _module_preset=\u00bbdefault\u00bb background_color=\u00bb#f4f4f4&#8243; custom_padding=\u00bb20px|15px|10px|15px|false|true\u00bb animation_style=\u00bbflip\u00bb link_option_url=\u00bbhttps:\/\/agevet.com\/es\/sabonete-antisseptico-clorexidina\/\u00bb global_colors_info=\u00bb{}\u00bb][et_pb_image src=\u00bbhttp:\/\/agevet.com\/wp-content\/uploads\/2023\/01\/CLOREXIDINA_Prancheta-1.png\u00bb title_text=\u00bbCLOREXIDINA_Prancheta 1&#8243; align=\u00bbcenter\u00bb force_fullwidth=\u00bbon\u00bb _builder_version=\u00bb4.19.5&#8243; _module_preset=\u00bbdefault\u00bb custom_padding=\u00bb||15px||false|false\u00bb global_colors_info=\u00bb{}\u00bb][\/et_pb_image][et_pb_text _builder_version=\u00bb4.19.5&#8243; _module_preset=\u00bbdefault\u00bb text_font=\u00bbPoppins Light|700||on|||||\u00bb text_text_color=\u00bb#FFFFFF\u00bb text_font_size=\u00bb16px\u00bb background_color=\u00bb#ed7e03&#8243; text_orientation=\u00bbcenter\u00bb width=\u00bb300px\u00bb module_alignment=\u00bbcenter\u00bb custom_margin=\u00bb||30px||false|false\u00bb custom_padding=\u00bb10px|17px|10px|17px|true|true\u00bb border_radii=\u00bbon|35px|35px|35px|35px\u00bb global_colors_info=\u00bb{}\u00bb]<\/p>\n<p>JAB\u00d3N ANTIS\u00c9PTICO &#8211; CLORHEXIDINA<\/p>\n<p>[\/et_pb_text][\/et_pb_column][et_pb_column type=\u00bb1_3&#8243; _builder_version=\u00bb4.19.5&#8243; _module_preset=\u00bbdefault\u00bb background_color=\u00bb#FFFFFF\u00bb custom_padding=\u00bb20px|15px|10px|15px|false|true\u00bb animation_style=\u00bbfold\u00bb animation_direction=\u00bbleft\u00bb global_colors_info=\u00bb{}\u00bb][\/et_pb_column][\/et_pb_row][\/et_pb_section]<\/p>\n","protected":false},"excerpt":{"rendered":"<p>L\u00cdNEA HIGIENIZACI\u00d3N Productos para limpieza profundaQUARTEC 100 &#8211; DESINFECTANTE AMONIACO CUARTENARIOCHLOROPONN 60 &#8211; CLORO EN POLVO 30%Tekton &#8211; Sab\u00e3o L\u00edquido para tecidosLISANVET PLUS \u2013 LIMPIADOR AROM\u00c1TICOJAB\u00d3N ANTIS\u00c9PTICO &#8211; CLORHEXIDINA<\/p>\n","protected":false},"author":3,"featured_media":0,"parent":0,"menu_order":0,"comment_status":"closed","ping_status":"closed","template":"","meta":{"_et_pb_use_builder":"on","_et_pb_old_content":"","_et_gb_content_width":"","footnotes":""},"class_list":["post-51979","page","type-page","status-publish","hentry"],"_links":{"self":[{"href":"https:\/\/agevet.com\/es\/wp-json\/wp\/v2\/pages\/51979","targetHints":{"allow":["GET"]}}],"collection":[{"href":"https:\/\/agevet.com\/es\/wp-json\/wp\/v2\/pages"}],"about":[{"href":"https:\/\/agevet.com\/es\/wp-json\/wp\/v2\/types\/page"}],"author":[{"embeddable":true,"href":"https:\/\/agevet.com\/es\/wp-json\/wp\/v2\/users\/3"}],"replies":[{"embeddable":true,"href":"https:\/\/agevet.com\/es\/wp-json\/wp\/v2\/comments?post=51979"}],"version-history":[{"count":18,"href":"https:\/\/agevet.com\/es\/wp-json\/wp\/v2\/pages\/51979\/revisions"}],"predecessor-version":[{"id":52767,"href":"https:\/\/agevet.com\/es\/wp-json\/wp\/v2\/pages\/51979\/revisions\/52767"}],"wp:attachment":[{"href":"https:\/\/agevet.com\/es\/wp-json\/wp\/v2\/media?parent=51979"}],"curies":[{"name":"wp","href":"https:\/\/api.w.org\/{rel}","templated":true}]}}