{"id":51991,"date":"2023-01-30T05:32:35","date_gmt":"2023-01-30T08:32:35","guid":{"rendered":"https:\/\/agevet.com\/rapida\/"},"modified":"2023-09-04T18:56:33","modified_gmt":"2023-09-04T21:56:33","slug":"rapida","status":"publish","type":"page","link":"https:\/\/agevet.com\/es\/rapida\/","title":{"rendered":"R\u00c1PIDA"},"content":{"rendered":"<p>[et_pb_section fb_built=\u00bb1&#8243; fullwidth=\u00bbon\u00bb _builder_version=\u00bb4.19.2&#8243; _module_preset=\u00bbdefault\u00bb global_colors_info=\u00bb{}\u00bb][et_pb_fullwidth_slider _builder_version=\u00bb4.21.0&#8243; _module_preset=\u00bbdefault\u00bb custom_button=\u00bbon\u00bb button_text_size=\u00bb18px\u00bb button_bg_color=\u00bb#02509c\u00bb button_border_color=\u00bb#02509c\u00bb button_border_radius=\u00bb100px\u00bb button_letter_spacing=\u00bb2px\u00bb button_font=\u00bb|700|||||||\u00bb button_custom_padding=\u00bb|50px||50px|false|true\u00bb custom_padding=\u00bb9%||9%||true|false\u00bb custom_padding_tablet=\u00bb10%||10%||true|false\u00bb custom_padding_phone=\u00bb15%||75%||false|false\u00bb custom_padding_last_edited=\u00bbon|tablet\u00bb auto=\u00bbon\u00bb auto_ignore_hover=\u00bbon\u00bb hover_enabled=\u00bb0&#8243; box_shadow_style_button=\u00bbpreset1&#8243; box_shadow_color_button=\u00bb#FFFFFF\u00bb global_colors_info=\u00bb{}\u00bb sticky_enabled=\u00bb0&#8243;][et_pb_slide admin_title=\u00bbShampoo &#038; Condicionador\u00bb _builder_version=\u00bb4.21.0&#8243; _module_preset=\u00bbdefault\u00bb header_level=\u00bbh2&#8243; header_font=\u00bb|700|||||||\u00bb header_text_color=\u00bb#02509c\u00bb header_font_size=\u00bb46px\u00bb body_font=\u00bb||||||||\u00bb body_text_align=\u00bbcenter\u00bb body_font_size=\u00bb24px\u00bb body_line_height=\u00bb1.2em\u00bb background_image=\u00bbhttps:\/\/agevet.com\/wp-content\/uploads\/2023\/05\/FAST-jj.jpg\u00bb background_enable_image=\u00bbon\u00bb hover_enabled=\u00bb0&#8243; body_font_size_phone=\u00bb36px\u00bb body_font_size_last_edited=\u00bboff|phone\u00bb background_last_edited=\u00bbon|phone\u00bb background_image_tablet=\u00bbhttps:\/\/agevet.com\/wp-content\/uploads\/2023\/05\/FAST-jj.jpg\u00bb background_image_phone=\u00bbhttps:\/\/agevet.com\/wp-content\/uploads\/2023\/05\/FAST-MOB.fw_.png\u00bb background_enable_image_tablet=\u00bbon\u00bb background_enable_image_phone=\u00bbon\u00bb global_colors_info=\u00bb{}\u00bb sticky_transition=\u00bbon\u00bb sticky_enabled=\u00bb0&#8243;]<\/p>\n<div style=\"font-size: 34px; color: #fff; font-weight: bold; line-height: 1; text-shadow: #fffff 0px 0px 12px;\">L\u00cdNEA<\/div>\n<div style=\"padding-bottom: 20px; ;font-size: 82px; color: #02509c; font-weight: 800; line-height: 1; text-shadow: #ffffff 0px 0px 12px;\">R\u00c1PIDA<\/div>\n<div>Productos para el control<\/div>\n<div>y prevenci\u00f3n de mastitis<\/div>\n<p>[\/et_pb_slide][\/et_pb_fullwidth_slider][\/et_pb_section][et_pb_section fb_built=\u00bb1&#8243; _builder_version=\u00bb4.19.2&#8243; _module_preset=\u00bbdefault\u00bb global_colors_info=\u00bb{}\u00bb][et_pb_row disabled_on=\u00bbon|on|on\u00bb _builder_version=\u00bb4.19.2&#8243; _module_preset=\u00bbdefault\u00bb animation_style=\u00bbslide\u00bb animation_direction=\u00bbleft\u00bb animation_intensity_slide=\u00bb5%\u00bb disabled=\u00bbon\u00bb global_colors_info=\u00bb{}\u00bb][et_pb_column type=\u00bb4_4&#8243; _builder_version=\u00bb4.19.2&#8243; _module_preset=\u00bbdefault\u00bb global_colors_info=\u00bb{}\u00bb][et_pb_post_title meta=\u00bboff\u00bb featured_image=\u00bboff\u00bb _builder_version=\u00bb4.19.5&#8243; _module_preset=\u00bbdefault\u00bb title_font=\u00bbPoppins Black||||||||\u00bb title_text_align=\u00bbcenter\u00bb title_text_color=\u00bb#02509c\u00bb title_font_size=\u00bb55px\u00bb custom_margin=\u00bb||0px||false|false\u00bb custom_padding=\u00bb||0px||false|false\u00bb global_colors_info=\u00bb{}\u00bb][\/et_pb_post_title][et_pb_text _builder_version=\u00bb4.19.5&#8243; _module_preset=\u00bbdefault\u00bb text_font=\u00bbPoppins Bold|||on|||||\u00bb text_text_color=\u00bb#02509c\u00bb text_font_size=\u00bb30px\u00bb text_line_height=\u00bb1.1em\u00bb header_text_align=\u00bbcenter\u00bb text_orientation=\u00bbcenter\u00bb custom_margin=\u00bb||13px||false|false\u00bb custom_padding=\u00bb5px||||false|false\u00bb text_font_size_tablet=\u00bb36px\u00bb text_font_size_phone=\u00bb36px\u00bb text_font_size_last_edited=\u00bbon|tablet\u00bb global_colors_info=\u00bb{}\u00bb]<\/p>\n<p>Productos para el control y prevenci\u00f3n de mastitis<\/p>\n<p>[\/et_pb_text][\/et_pb_column][\/et_pb_row][et_pb_row column_structure=\u00bb1_3,1_3,1_3&#8243; use_custom_gutter=\u00bbon\u00bb gutter_width=\u00bb2&#8243; make_equal=\u00bbon\u00bb _builder_version=\u00bb4.19.5&#8243; _module_preset=\u00bbdefault\u00bb custom_margin=\u00bb0px||||false|false\u00bb custom_padding=\u00bb0px|||||\u00bb global_colors_info=\u00bb{}\u00bb][et_pb_column type=\u00bb1_3&#8243; _builder_version=\u00bb4.19.5&#8243; _module_preset=\u00bbdefault\u00bb background_color=\u00bb#f4f4f4&#8243; custom_padding=\u00bb20px|15px|10px|15px|false|true\u00bb animation_style=\u00bbfold\u00bb animation_direction=\u00bbright\u00bb link_option_url=\u00bbhttps:\/\/agevet.com\/es\/aplicador-sem-retorno\/\u00bb global_colors_info=\u00bb{}\u00bb][et_pb_image src=\u00bbhttp:\/\/agevet.com\/wp-content\/uploads\/2023\/01\/APLICADOR.SEM_.RETORNO_Prancheta-1.png\u00bb title_text=\u00bbAPLICADOR.SEM.RETORNO_Prancheta 1&#8243; align=\u00bbcenter\u00bb force_fullwidth=\u00bbon\u00bb _builder_version=\u00bb4.19.5&#8243; _module_preset=\u00bbdefault\u00bb custom_padding=\u00bb||15px||false|false\u00bb global_colors_info=\u00bb{}\u00bb][\/et_pb_image][et_pb_text _builder_version=\u00bb4.19.5&#8243; _module_preset=\u00bbdefault\u00bb text_font=\u00bbPoppins Light|700||on|||||\u00bb text_text_color=\u00bb#FFFFFF\u00bb text_font_size=\u00bb16px\u00bb background_color=\u00bb#ed7e03&#8243; text_orientation=\u00bbcenter\u00bb width=\u00bb250px\u00bb module_alignment=\u00bbcenter\u00bb custom_margin=\u00bb||30px||false|false\u00bb custom_padding=\u00bb10px|17px|10px|17px|true|true\u00bb border_radii=\u00bbon|35px|35px|35px|35px\u00bb global_colors_info=\u00bb{}\u00bb]<\/p>\n<p>APLICADOR SIN RETORNO<\/p>\n<p>[\/et_pb_text][\/et_pb_column][et_pb_column type=\u00bb1_3&#8243; _builder_version=\u00bb4.19.5&#8243; _module_preset=\u00bbdefault\u00bb background_color=\u00bb#f4f4f4&#8243; custom_padding=\u00bb20px|15px|10px|15px|false|true\u00bb animation_style=\u00bbflip\u00bb link_option_url=\u00bbhttps:\/\/agevet.com\/es\/aplicador-com-retorno\/\u00bb global_colors_info=\u00bb{}\u00bb][et_pb_image src=\u00bbhttp:\/\/agevet.com\/wp-content\/uploads\/2023\/01\/APLICADOR.COM_.RETORNO_Prancheta-1.png\u00bb title_text=\u00bbAPLICADOR.COM.RETORNO_Prancheta 1&#8243; align=\u00bbcenter\u00bb force_fullwidth=\u00bbon\u00bb _builder_version=\u00bb4.19.5&#8243; _module_preset=\u00bbdefault\u00bb custom_padding=\u00bb||15px||false|false\u00bb global_colors_info=\u00bb{}\u00bb][\/et_pb_image][et_pb_text _builder_version=\u00bb4.19.5&#8243; _module_preset=\u00bbdefault\u00bb text_font=\u00bbPoppins Light|700||on|||||\u00bb text_text_color=\u00bb#FFFFFF\u00bb text_font_size=\u00bb16px\u00bb background_color=\u00bb#ed7e03&#8243; text_orientation=\u00bbcenter\u00bb width=\u00bb250px\u00bb module_alignment=\u00bbcenter\u00bb custom_margin=\u00bb||30px||false|false\u00bb custom_padding=\u00bb10px|17px|10px|17px|true|true\u00bb border_radii=\u00bbon|35px|35px|35px|35px\u00bb global_colors_info=\u00bb{}\u00bb]<\/p>\n<p>APLICADOR CON RETORNO<\/p>\n<p>[\/et_pb_text][\/et_pb_column][et_pb_column type=\u00bb1_3&#8243; _builder_version=\u00bb4.19.5&#8243; _module_preset=\u00bbdefault\u00bb background_color=\u00bb#f4f4f4&#8243; custom_padding=\u00bb20px|15px|10px|15px|false|true\u00bb animation_style=\u00bbfold\u00bb animation_direction=\u00bbleft\u00bb link_option_url=\u00bbhttps:\/\/agevet.com\/es\/pulverizador-multiuso\/\u00bb global_colors_info=\u00bb{}\u00bb][et_pb_image src=\u00bbhttp:\/\/agevet.com\/wp-content\/uploads\/2023\/01\/PULVERIZADOR_Prancheta-1.png\u00bb title_text=\u00bbPULVERIZADOR_Prancheta 1&#8243; align=\u00bbcenter\u00bb force_fullwidth=\u00bbon\u00bb _builder_version=\u00bb4.19.5&#8243; _module_preset=\u00bbdefault\u00bb custom_padding=\u00bb||15px||false|false\u00bb global_colors_info=\u00bb{}\u00bb][\/et_pb_image][et_pb_text _builder_version=\u00bb4.19.5&#8243; _module_preset=\u00bbdefault\u00bb text_font=\u00bbPoppins Light|700||on|||||\u00bb text_text_color=\u00bb#FFFFFF\u00bb text_font_size=\u00bb16px\u00bb background_color=\u00bb#ed7e03&#8243; text_orientation=\u00bbcenter\u00bb width=\u00bb230px\u00bb module_alignment=\u00bbcenter\u00bb custom_margin=\u00bb||30px||false|false\u00bb custom_padding=\u00bb10px|17px|10px|17px|true|true\u00bb border_radii=\u00bbon|35px|35px|35px|35px\u00bb global_colors_info=\u00bb{}\u00bb]<\/p>\n<p>PULVERIZADOR MULTIUSOS<\/p>\n<p>[\/et_pb_text][\/et_pb_column][\/et_pb_row][et_pb_row column_structure=\u00bb1_3,1_3,1_3&#8243; use_custom_gutter=\u00bbon\u00bb gutter_width=\u00bb2&#8243; make_equal=\u00bbon\u00bb _builder_version=\u00bb4.19.5&#8243; _module_preset=\u00bbdefault\u00bb custom_margin=\u00bb0px||||false|false\u00bb custom_padding=\u00bb0px|||||\u00bb global_colors_info=\u00bb{}\u00bb][et_pb_column type=\u00bb1_3&#8243; _builder_version=\u00bb4.19.5&#8243; _module_preset=\u00bbdefault\u00bb background_color=\u00bb#f4f4f4&#8243; custom_padding=\u00bb20px|15px|10px|15px|false|true\u00bb animation_style=\u00bbfold\u00bb animation_direction=\u00bbright\u00bb link_option_url=\u00bbhttps:\/\/agevet.com\/es\/caneca-de-fundo-preto\/\u00bb global_colors_info=\u00bb{}\u00bb][et_pb_image src=\u00bbhttp:\/\/agevet.com\/wp-content\/uploads\/2023\/01\/CANECA.FUNDO_.PRETO_Prancheta-1.png\u00bb title_text=\u00bbCANECA.FUNDO.PRETO_Prancheta 1&#8243; align=\u00bbcenter\u00bb force_fullwidth=\u00bbon\u00bb _builder_version=\u00bb4.19.5&#8243; _module_preset=\u00bbdefault\u00bb custom_padding=\u00bb||15px||false|false\u00bb global_colors_info=\u00bb{}\u00bb][\/et_pb_image][et_pb_text _builder_version=\u00bb4.19.5&#8243; _module_preset=\u00bbdefault\u00bb text_font=\u00bbPoppins Light|700||on|||||\u00bb text_text_color=\u00bb#FFFFFF\u00bb text_font_size=\u00bb16px\u00bb background_color=\u00bb#ed7e03&#8243; text_orientation=\u00bbcenter\u00bb width=\u00bb240px\u00bb module_alignment=\u00bbcenter\u00bb custom_margin=\u00bb||30px||false|false\u00bb custom_padding=\u00bb10px|17px|10px|17px|true|true\u00bb border_radii=\u00bbon|35px|35px|35px|35px\u00bb global_colors_info=\u00bb{}\u00bb]<\/p>\n<p>TAZA FONDO NEGRO<\/p>\n<p>[\/et_pb_text][\/et_pb_column][et_pb_column type=\u00bb1_3&#8243; _builder_version=\u00bb4.19.5&#8243; _module_preset=\u00bbdefault\u00bb background_color=\u00bb#f4f4f4&#8243; custom_padding=\u00bb20px|15px|10px|15px|false|true\u00bb animation_style=\u00bbflip\u00bb link_option_url=\u00bbhttps:\/\/agevet.com\/es\/caneca-de-fundo-telada\/\u00bb global_colors_info=\u00bb{}\u00bb][et_pb_image src=\u00bbhttp:\/\/agevet.com\/wp-content\/uploads\/2023\/01\/CANECA.FUNDO_.TELADA_Prancheta-1.png\u00bb title_text=\u00bbCANECA.FUNDO.TELADA_Prancheta 1&#8243; align=\u00bbcenter\u00bb force_fullwidth=\u00bbon\u00bb _builder_version=\u00bb4.19.5&#8243; _module_preset=\u00bbdefault\u00bb custom_padding=\u00bb||15px||false|false\u00bb global_colors_info=\u00bb{}\u00bb][\/et_pb_image][et_pb_text _builder_version=\u00bb4.19.5&#8243; _module_preset=\u00bbdefault\u00bb text_font=\u00bbPoppins Light|700||on|||||\u00bb text_text_color=\u00bb#FFFFFF\u00bb text_font_size=\u00bb16px\u00bb background_color=\u00bb#ed7e03&#8243; text_orientation=\u00bbcenter\u00bb width=\u00bb250px\u00bb module_alignment=\u00bbcenter\u00bb custom_margin=\u00bb||30px||false|false\u00bb custom_padding=\u00bb10px|17px|10px|17px|true|true\u00bb border_radii=\u00bbon|35px|35px|35px|35px\u00bb global_colors_info=\u00bb{}\u00bb]<\/p>\n<p>TAZA FONDO PANTALLA<\/p>\n<p>[\/et_pb_text][\/et_pb_column][et_pb_column type=\u00bb1_3&#8243; _builder_version=\u00bb4.19.5&#8243; _module_preset=\u00bbdefault\u00bb background_color=\u00bb#f4f4f4&#8243; custom_padding=\u00bb20px|15px|10px|15px|false|true\u00bb animation_style=\u00bbfold\u00bb animation_direction=\u00bbleft\u00bb link_option_url=\u00bbhttps:\/\/agevet.com\/es\/raquete-para-teste\/\u00bb global_colors_info=\u00bb{}\u00bb][et_pb_image src=\u00bbhttp:\/\/agevet.com\/wp-content\/uploads\/2023\/01\/RAQUETE._Prancheta-1.png\u00bb title_text=\u00bbRAQUETE._Prancheta 1&#8243; align=\u00bbcenter\u00bb force_fullwidth=\u00bbon\u00bb _builder_version=\u00bb4.19.5&#8243; _module_preset=\u00bbdefault\u00bb custom_padding=\u00bb||15px||false|false\u00bb global_colors_info=\u00bb{}\u00bb][\/et_pb_image][et_pb_text _builder_version=\u00bb4.19.5&#8243; _module_preset=\u00bbdefault\u00bb text_font=\u00bbPoppins Light|700||on|||||\u00bb text_text_color=\u00bb#FFFFFF\u00bb text_font_size=\u00bb16px\u00bb background_color=\u00bb#ed7e03&#8243; text_orientation=\u00bbcenter\u00bb width=\u00bb220px\u00bb module_alignment=\u00bbcenter\u00bb custom_margin=\u00bb||30px||false|false\u00bb custom_padding=\u00bb10px|17px|10px|17px|true|true\u00bb border_radii=\u00bbon|35px|35px|35px|35px\u00bb global_colors_info=\u00bb{}\u00bb]<\/p>\n<p>RAQUETA PARA PRUEBA<\/p>\n<p>[\/et_pb_text][\/et_pb_column][\/et_pb_row][\/et_pb_section]<\/p>\n","protected":false},"excerpt":{"rendered":"<p>L\u00cdNEA R\u00c1PIDA Productos para el control y prevenci\u00f3n de mastitisProductos para el control y prevenci\u00f3n de mastitisAPLICADOR SIN RETORNOAPLICADOR CON RETORNOPULVERIZADOR MULTIUSOSTAZA FONDO NEGROTAZA FONDO PANTALLARAQUETA PARA PRUEBA<\/p>\n","protected":false},"author":3,"featured_media":0,"parent":0,"menu_order":0,"comment_status":"closed","ping_status":"closed","template":"","meta":{"_et_pb_use_builder":"on","_et_pb_old_content":"","_et_gb_content_width":"","footnotes":""},"class_list":["post-51991","page","type-page","status-publish","hentry"],"_links":{"self":[{"href":"https:\/\/agevet.com\/es\/wp-json\/wp\/v2\/pages\/51991","targetHints":{"allow":["GET"]}}],"collection":[{"href":"https:\/\/agevet.com\/es\/wp-json\/wp\/v2\/pages"}],"about":[{"href":"https:\/\/agevet.com\/es\/wp-json\/wp\/v2\/types\/page"}],"author":[{"embeddable":true,"href":"https:\/\/agevet.com\/es\/wp-json\/wp\/v2\/users\/3"}],"replies":[{"embeddable":true,"href":"https:\/\/agevet.com\/es\/wp-json\/wp\/v2\/comments?post=51991"}],"version-history":[{"count":21,"href":"https:\/\/agevet.com\/es\/wp-json\/wp\/v2\/pages\/51991\/revisions"}],"predecessor-version":[{"id":52833,"href":"https:\/\/agevet.com\/es\/wp-json\/wp\/v2\/pages\/51991\/revisions\/52833"}],"wp:attachment":[{"href":"https:\/\/agevet.com\/es\/wp-json\/wp\/v2\/media?parent=51991"}],"curies":[{"name":"wp","href":"https:\/\/api.w.org\/{rel}","templated":true}]}}